{"id":334,"date":"2016-08-17T22:24:08","date_gmt":"2016-08-17T20:24:08","guid":{"rendered":"http:\/\/h2o-avocats.com\/en\/?page_id=334"},"modified":"2016-12-12T12:08:59","modified_gmt":"2016-12-12T11:08:59","slug":"latest-news","status":"publish","type":"page","link":"https:\/\/h2o-avocats.com\/en\/latest-news\/","title":{"rendered":"News"},"content":{"rendered":"<p>[vc_row][vc_column][vc_empty_space][vc_column_text]\t<div class=\"wpnawfree-plugin news-clearfix \" id=\"wpnw-news-1\">\r\n\r\n\t\t\r\n\t\t\t<div id=\"post-3713\" class=\"news type-news wpnaw-blog-class has-date news-col-list wpnaw-first\">\r\n\t\t\t\t<div class=\"news-inner-wrap-view news-clearfix wpnaw-news-no-image\">\r\n\r\n\t\t\t\t\t\r\n\t\t\t\t\t<div class=\"news-content\">\r\n\t\t\t\t\t\t\t\t\t\t\t\t\t<div class=\"grid-date-post\">\r\n\t\t\t\t\t\t\t\t2 December 2021 \/ <a href=\"https:\/\/h2o-avocats.com\/en\/news-category\/actualites\/\">Actualit\u00e9s<\/a>, <a href=\"https:\/\/h2o-avocats.com\/en\/news-category\/news\/\">News<\/a>\t\t\t\t\t\t\t<\/div>\r\n\t\t\t\t\t\t\r\n\t\t\t\t\t\t<div class=\"post-content-text\">\r\n\t\t\t\t\t\t\t<h3 class=\"news-title\"><a href=\"https:\/\/h2o-avocats.com\/en\/news\/sandra-benabou-obtient-la-certification-afnor-en-tant-que-dpo\/\" rel=\"bookmark\">Sandra Benabou just got the AFNOR certificate as a DPO<\/a><\/h3>\t\t\t\t\t\t\t\t<div class=\"news-content-excerpt\">\r\n\t\t\t\t\t\t\t\t\t\t\t\t\t\t\t\t\t\t\t<div class=\"news-short-content\">\r\n\t\t\t\t\t\t\t\t\t\t\tNo, certification of the Data Protection Officer is not mandatory. But it surely does enhance trust and indicates a certain...\t\t\t\t\t\t\t\t\t\t<\/div>\r\n\t\t\t\t\t\t\t\t\t\t<a href=\"https:\/\/h2o-avocats.com\/en\/news\/sandra-benabou-obtient-la-certification-afnor-en-tant-que-dpo\/\" class=\"news-more-link\">Read More<\/a>\r\n\t\t\t\t\t\t\t\t\t\t\t\t\t\t\t\t\t<\/div><!-- .entry-content -->\r\n\t\t\t\t\t\t\t\t\t\t\t\t\t<\/div>\r\n\t\t\t\t\t<\/div>\r\n\t\t\t\t<\/div><!-- #post-## -->\r\n\t\t\t<\/div><!-- #post-## -->\r\n\t\t\r\n\t\t\t<div id=\"post-3689\" class=\"news type-news wpnaw-blog-class has-date news-col-list\">\r\n\t\t\t\t<div class=\"news-inner-wrap-view news-clearfix wpnaw-news-no-image\">\r\n\r\n\t\t\t\t\t\r\n\t\t\t\t\t<div class=\"news-content\">\r\n\t\t\t\t\t\t\t\t\t\t\t\t\t<div class=\"grid-date-post\">\r\n\t\t\t\t\t\t\t\t1 July 2020 \/ <a href=\"https:\/\/h2o-avocats.com\/en\/news-category\/actualites\/\">Actualit\u00e9s<\/a>, <a href=\"https:\/\/h2o-avocats.com\/en\/news-category\/news\/\">News<\/a>\t\t\t\t\t\t\t<\/div>\r\n\t\t\t\t\t\t\r\n\t\t\t\t\t\t<div class=\"post-content-text\">\r\n\t\t\t\t\t\t\t<h3 class=\"news-title\"><a href=\"https:\/\/h2o-avocats.com\/en\/news\/newsletter-h2o-avocats-juillet-2020\/\" rel=\"bookmark\">\/ Newsletter H2O Avocats #juillet 2020 \/\/<\/a><\/h3>\t\t\t\t\t\t\t\t<div class=\"news-content-excerpt\">\r\n\t\t\t\t\t\t\t\t\t\t\t\t\t\t\t\t\t\t\t<div class=\"news-short-content\">\r\n\t\t\t\t\t\t\t\t\t\t\tLa saga Taittinger, la CNIL challeng\u00e9e \u2026 retrouvez les actualit\u00e9s IP\/IT dans notre newsletter H2O Avocats #juillet 2020 \t\t\t\t\t\t\t\t\t\t<\/div>\r\n\t\t\t\t\t\t\t\t\t\t<a href=\"https:\/\/h2o-avocats.com\/en\/news\/newsletter-h2o-avocats-juillet-2020\/\" class=\"news-more-link\">Read More<\/a>\r\n\t\t\t\t\t\t\t\t\t\t\t\t\t\t\t\t\t<\/div><!-- .entry-content -->\r\n\t\t\t\t\t\t\t\t\t\t\t\t\t<\/div>\r\n\t\t\t\t\t<\/div>\r\n\t\t\t\t<\/div><!-- #post-## -->\r\n\t\t\t<\/div><!-- #post-## -->\r\n\t\t\r\n\t\t\t<div id=\"post-3655\" class=\"news type-news wpnaw-blog-class has-date news-col-list\">\r\n\t\t\t\t<div class=\"news-inner-wrap-view news-clearfix \">\r\n\r\n\t\t\t\t\t\t\t\t\t\t<div class=\"news-thumb\">\r\n\t\t\t\t\t\t\t\t\t\t\t\t\t<div class=\"grid-news-thumb\">\r\n\t\t\t\t\t\t\t\t<a href=\"https:\/\/h2o-avocats.com\/en\/news\/the-legal-500-2018\/\"><img loading=\"lazy\" decoding=\"async\" width=\"480\" height=\"270\" src=\"https:\/\/h2o-avocats.com\/wp-content\/uploads\/2016\/08\/Legal-500.jpg\" class=\"attachment-medium_large size-medium_large wp-post-image\" alt=\"Legal 500 logo\" srcset=\"https:\/\/h2o-avocats.com\/wp-content\/uploads\/2016\/08\/Legal-500.jpg 480w, https:\/\/h2o-avocats.com\/wp-content\/uploads\/2016\/08\/Legal-500-300x169.jpg 300w\" sizes=\"(max-width: 480px) 100vw, 480px\" \/><\/a>\r\n\t\t\t\t\t\t\t<\/div>\r\n\t\t\t\t\t\t\t\t\t\t\t<\/div>\r\n\t\t\t\t\t\r\n\t\t\t\t\t<div class=\"news-content\">\r\n\t\t\t\t\t\t\t\t\t\t\t\t\t<div class=\"grid-date-post\">\r\n\t\t\t\t\t\t\t\t23 September 2018\t\t\t\t\t\t\t<\/div>\r\n\t\t\t\t\t\t\r\n\t\t\t\t\t\t<div class=\"post-content-text\">\r\n\t\t\t\t\t\t\t<h3 class=\"news-title\"><a href=\"https:\/\/h2o-avocats.com\/en\/news\/the-legal-500-2018\/\" rel=\"bookmark\">The Legal 500 \u2013 2018<\/a><\/h3>\t\t\t\t\t\t\t\t<div class=\"news-content-excerpt\">\r\n\t\t\t\t\t\t\t\t\t\t\t\t\t\t\t\t\t\t\t<div class=\"news-short-content\">\r\n\t\t\t\t\t\t\t\t\t\t\tNicolas Herzog, from H2O Avocats, has handled several disputes relating to data loss. The firm also defended a major telecom operator in a counterfeiting dispute brought by an open source solutions provider.\t\t\t\t\t\t\t\t\t\t<\/div>\r\n\t\t\t\t\t\t\t\t\t\t<a href=\"https:\/\/h2o-avocats.com\/en\/news\/the-legal-500-2018\/\" class=\"news-more-link\">Read More<\/a>\r\n\t\t\t\t\t\t\t\t\t\t\t\t\t\t\t\t\t<\/div><!-- .entry-content -->\r\n\t\t\t\t\t\t\t\t\t\t\t\t\t<\/div>\r\n\t\t\t\t\t<\/div>\r\n\t\t\t\t<\/div><!-- #post-## -->\r\n\t\t\t<\/div><!-- #post-## -->\r\n\t\t\r\n\t\t\t<div id=\"post-3447\" class=\"news type-news wpnaw-blog-class has-date news-col-list\">\r\n\t\t\t\t<div class=\"news-inner-wrap-view news-clearfix \">\r\n\r\n\t\t\t\t\t\t\t\t\t\t<div class=\"news-thumb\">\r\n\t\t\t\t\t\t\t\t\t\t\t\t\t<div class=\"grid-news-thumb\">\r\n\t\t\t\t\t\t\t\t<a href=\"https:\/\/h2o-avocats.com\/en\/news\/legal-500-emea-2017\/\"><img loading=\"lazy\" decoding=\"async\" width=\"148\" height=\"214\" src=\"https:\/\/h2o-avocats.com\/wp-content\/uploads\/2017\/04\/emea_top_tier_firms_2017.jpg\" class=\"attachment-medium_large size-medium_large wp-post-image\" alt=\"\" \/><\/a>\r\n\t\t\t\t\t\t\t<\/div>\r\n\t\t\t\t\t\t\t\t\t\t\t<\/div>\r\n\t\t\t\t\t\r\n\t\t\t\t\t<div class=\"news-content\">\r\n\t\t\t\t\t\t\t\t\t\t\t\t\t<div class=\"grid-date-post\">\r\n\t\t\t\t\t\t\t\t23 April 2017 \/ <a href=\"https:\/\/h2o-avocats.com\/en\/news-category\/actualites\/\">Actualit\u00e9s<\/a>, <a href=\"https:\/\/h2o-avocats.com\/en\/news-category\/news\/\">News<\/a>\t\t\t\t\t\t\t<\/div>\r\n\t\t\t\t\t\t\r\n\t\t\t\t\t\t<div class=\"post-content-text\">\r\n\t\t\t\t\t\t\t<h3 class=\"news-title\"><a href=\"https:\/\/h2o-avocats.com\/en\/news\/legal-500-emea-2017\/\" rel=\"bookmark\">The Legal 500 EMEA &#8211; 2017<\/a><\/h3>\t\t\t\t\t\t\t\t<div class=\"news-content-excerpt\">\r\n\t\t\t\t\t\t\t\t\t\t\t\t\t\t\t\t\t\t\t<div class=\"news-short-content\">\r\n\t\t\t\t\t\t\t\t\t\t\t&nbsp; H2O Avocats est \u00ab fiable et d\u2019excellent conseil \u00bb et fournit \u00ab un travail de grande qualit\u00e9 \u00bb. Le...\t\t\t\t\t\t\t\t\t\t<\/div>\r\n\t\t\t\t\t\t\t\t\t\t<a href=\"https:\/\/h2o-avocats.com\/en\/news\/legal-500-emea-2017\/\" class=\"news-more-link\">Read More<\/a>\r\n\t\t\t\t\t\t\t\t\t\t\t\t\t\t\t\t\t<\/div><!-- .entry-content -->\r\n\t\t\t\t\t\t\t\t\t\t\t\t\t<\/div>\r\n\t\t\t\t\t<\/div>\r\n\t\t\t\t<\/div><!-- #post-## -->\r\n\t\t\t<\/div><!-- #post-## -->\r\n\t\t\r\n\t\t\t<div id=\"post-3451\" class=\"news type-news wpnaw-blog-class has-date news-col-list\">\r\n\t\t\t\t<div class=\"news-inner-wrap-view news-clearfix \">\r\n\r\n\t\t\t\t\t\t\t\t\t\t<div class=\"news-thumb\">\r\n\t\t\t\t\t\t\t\t\t\t\t\t\t<div class=\"grid-news-thumb\">\r\n\t\t\t\t\t\t\t\t<a href=\"https:\/\/h2o-avocats.com\/en\/news\/lettre-juristes-daffaires-creation-cabinet-h2o-avocats-mentionnee\/\"><img loading=\"lazy\" decoding=\"async\" width=\"239\" height=\"240\" src=\"https:\/\/h2o-avocats.com\/wp-content\/uploads\/2017\/02\/La-Lettre-des-Juristes-dAffaires.png\" class=\"attachment-medium_large size-medium_large wp-post-image\" alt=\"\" srcset=\"https:\/\/h2o-avocats.com\/wp-content\/uploads\/2017\/02\/La-Lettre-des-Juristes-dAffaires.png 239w, https:\/\/h2o-avocats.com\/wp-content\/uploads\/2017\/02\/La-Lettre-des-Juristes-dAffaires-150x150.png 150w, https:\/\/h2o-avocats.com\/wp-content\/uploads\/2017\/02\/La-Lettre-des-Juristes-dAffaires-768x768.png 768w, https:\/\/h2o-avocats.com\/wp-content\/uploads\/2017\/02\/La-Lettre-des-Juristes-dAffaires-570x570.png 570w, https:\/\/h2o-avocats.com\/wp-content\/uploads\/2017\/02\/La-Lettre-des-Juristes-dAffaires-266x266.png 266w\" sizes=\"(max-width: 239px) 100vw, 239px\" \/><\/a>\r\n\t\t\t\t\t\t\t<\/div>\r\n\t\t\t\t\t\t\t\t\t\t\t<\/div>\r\n\t\t\t\t\t\r\n\t\t\t\t\t<div class=\"news-content\">\r\n\t\t\t\t\t\t\t\t\t\t\t\t\t<div class=\"grid-date-post\">\r\n\t\t\t\t\t\t\t\t19 February 2017\t\t\t\t\t\t\t<\/div>\r\n\t\t\t\t\t\t\r\n\t\t\t\t\t\t<div class=\"post-content-text\">\r\n\t\t\t\t\t\t\t<h3 class=\"news-title\"><a href=\"https:\/\/h2o-avocats.com\/en\/news\/lettre-juristes-daffaires-creation-cabinet-h2o-avocats-mentionnee\/\" rel=\"bookmark\">Lettre des juristes d&#8217;affaires: La cr\u00e9ation du cabinet H2O Avocats mentionn\u00e9e<\/a><\/h3>\t\t\t\t\t\t\t\t<div class=\"news-content-excerpt\">\r\n\t\t\t\t\t\t\t\t\t\t\t\t\t\t\t\t\t\t\t<div class=\"news-short-content\">\r\n\t\t\t\t\t\t\t\t\t\t\tNicolas Herzog annonce la cr\u00e9ation du cabinet H2O sp\u00e9cialis\u00e9 dans les domaines du droit du num\u00e9rique, du droit de la...\t\t\t\t\t\t\t\t\t\t<\/div>\r\n\t\t\t\t\t\t\t\t\t\t<a href=\"https:\/\/h2o-avocats.com\/en\/news\/lettre-juristes-daffaires-creation-cabinet-h2o-avocats-mentionnee\/\" class=\"news-more-link\">Read More<\/a>\r\n\t\t\t\t\t\t\t\t\t\t\t\t\t\t\t\t\t<\/div><!-- .entry-content -->\r\n\t\t\t\t\t\t\t\t\t\t\t\t\t<\/div>\r\n\t\t\t\t\t<\/div>\r\n\t\t\t\t<\/div><!-- #post-## -->\r\n\t\t\t<\/div><!-- #post-## -->\r\n\t\t\r\n\t\t\t<div id=\"post-3399\" class=\"news type-news wpnaw-blog-class has-date news-col-list\">\r\n\t\t\t\t<div class=\"news-inner-wrap-view news-clearfix \">\r\n\r\n\t\t\t\t\t\t\t\t\t\t<div class=\"news-thumb\">\r\n\t\t\t\t\t\t\t\t\t\t\t\t\t<div class=\"grid-news-thumb\">\r\n\t\t\t\t\t\t\t\t<a href=\"https:\/\/h2o-avocats.com\/en\/news\/ouverture-des-donnees-juridiques-avenement-des-outils-de-justice-predictive\/\"><img loading=\"lazy\" decoding=\"async\" width=\"311\" height=\"162\" src=\"https:\/\/h2o-avocats.com\/wp-content\/uploads\/2017\/02\/Dalloz.png\" class=\"attachment-medium_large size-medium_large wp-post-image\" alt=\"\" srcset=\"https:\/\/h2o-avocats.com\/wp-content\/uploads\/2017\/02\/Dalloz.png 311w, https:\/\/h2o-avocats.com\/wp-content\/uploads\/2017\/02\/Dalloz-300x156.png 300w\" sizes=\"(max-width: 311px) 100vw, 311px\" \/><\/a>\r\n\t\t\t\t\t\t\t<\/div>\r\n\t\t\t\t\t\t\t\t\t\t\t<\/div>\r\n\t\t\t\t\t\r\n\t\t\t\t\t<div class=\"news-content\">\r\n\t\t\t\t\t\t\t\t\t\t\t\t\t<div class=\"grid-date-post\">\r\n\t\t\t\t\t\t\t\t10 February 2017 \/ <a href=\"https:\/\/h2o-avocats.com\/en\/news-category\/actualites\/\">Actualit\u00e9s<\/a>, <a href=\"https:\/\/h2o-avocats.com\/en\/news-category\/news\/\">News<\/a>\t\t\t\t\t\t\t<\/div>\r\n\t\t\t\t\t\t\r\n\t\t\t\t\t\t<div class=\"post-content-text\">\r\n\t\t\t\t\t\t\t<h3 class=\"news-title\"><a href=\"https:\/\/h2o-avocats.com\/en\/news\/ouverture-des-donnees-juridiques-avenement-des-outils-de-justice-predictive\/\" rel=\"bookmark\">Ouverture des donn\u00e9es juridiques &#038; Av\u00e8nement des outils de justice pr\u00e9dictive<\/a><\/h3>\t\t\t\t\t\t\t\t<div class=\"news-content-excerpt\">\r\n\t\t\t\t\t\t\t\t\t\t\t\t\t\t\t\t\t\t\t<div class=\"news-short-content\">\r\n\t\t\t\t\t\t\t\t\t\t\t&nbsp; Les donn\u00e9es ouvertes (ou \u00ab\u00a0Open Data\u00a0\u00bb), correspondent aux donn\u00e9es produites par l\u2019Etat dont l'acc\u00e8s et l'usage sont laiss\u00e9s libres...\t\t\t\t\t\t\t\t\t\t<\/div>\r\n\t\t\t\t\t\t\t\t\t\t<a href=\"https:\/\/h2o-avocats.com\/en\/news\/ouverture-des-donnees-juridiques-avenement-des-outils-de-justice-predictive\/\" class=\"news-more-link\">Read More<\/a>\r\n\t\t\t\t\t\t\t\t\t\t\t\t\t\t\t\t\t<\/div><!-- .entry-content -->\r\n\t\t\t\t\t\t\t\t\t\t\t\t\t<\/div>\r\n\t\t\t\t\t<\/div>\r\n\t\t\t\t<\/div><!-- #post-## -->\r\n\t\t\t<\/div><!-- #post-## -->\r\n\t\t\r\n\t\t\t<div id=\"post-3273\" class=\"news type-news wpnaw-blog-class has-date news-col-list\">\r\n\t\t\t\t<div class=\"news-inner-wrap-view news-clearfix \">\r\n\r\n\t\t\t\t\t\t\t\t\t\t<div class=\"news-thumb\">\r\n\t\t\t\t\t\t\t\t\t\t\t\t\t<div class=\"grid-news-thumb\">\r\n\t\t\t\t\t\t\t\t<a href=\"https:\/\/h2o-avocats.com\/en\/news\/whos-who-legal\/\"><img loading=\"lazy\" decoding=\"async\" width=\"480\" height=\"270\" src=\"https:\/\/h2o-avocats.com\/wp-content\/uploads\/2016\/11\/WWL-logo.jpg\" class=\"attachment-medium_large size-medium_large wp-post-image\" alt=\"Who&#039;s who logo\" srcset=\"https:\/\/h2o-avocats.com\/wp-content\/uploads\/2016\/11\/WWL-logo.jpg 480w, https:\/\/h2o-avocats.com\/wp-content\/uploads\/2016\/11\/WWL-logo-300x169.jpg 300w\" sizes=\"(max-width: 480px) 100vw, 480px\" \/><\/a>\r\n\t\t\t\t\t\t\t<\/div>\r\n\t\t\t\t\t\t\t\t\t\t\t<\/div>\r\n\t\t\t\t\t\r\n\t\t\t\t\t<div class=\"news-content\">\r\n\t\t\t\t\t\t\t\t\t\t\t\t\t<div class=\"grid-date-post\">\r\n\t\t\t\t\t\t\t\t14 November 2016 \/ <a href=\"https:\/\/h2o-avocats.com\/en\/news-category\/news\/\">News<\/a>\t\t\t\t\t\t\t<\/div>\r\n\t\t\t\t\t\t\r\n\t\t\t\t\t\t<div class=\"post-content-text\">\r\n\t\t\t\t\t\t\t<h3 class=\"news-title\"><a href=\"https:\/\/h2o-avocats.com\/en\/news\/whos-who-legal\/\" rel=\"bookmark\">Who&#8217;s Who Legal<\/a><\/h3>\t\t\t\t\t\t\t\t<div class=\"news-content-excerpt\">\r\n\t\t\t\t\t\t\t\t\t\t\t\t\t\t\t\t\t\t\t<div class=\"news-short-content\">\r\n\t\t\t\t\t\t\t\t\t\t\tNicolas Herzog is known for \u00ab\u00a0providing high-quality legal work\u00a0\u00bb and user-friendly advise to both IT and telecoms operators in relation...\t\t\t\t\t\t\t\t\t\t<\/div>\r\n\t\t\t\t\t\t\t\t\t\t<a href=\"https:\/\/h2o-avocats.com\/en\/news\/whos-who-legal\/\" class=\"news-more-link\">Read More<\/a>\r\n\t\t\t\t\t\t\t\t\t\t\t\t\t\t\t\t\t<\/div><!-- .entry-content -->\r\n\t\t\t\t\t\t\t\t\t\t\t\t\t<\/div>\r\n\t\t\t\t\t<\/div>\r\n\t\t\t\t<\/div><!-- #post-## -->\r\n\t\t\t<\/div><!-- #post-## -->\r\n\t\t\r\n\t\t\t<div id=\"post-3264\" class=\"news type-news wpnaw-blog-class has-date news-col-list\">\r\n\t\t\t\t<div class=\"news-inner-wrap-view news-clearfix \">\r\n\r\n\t\t\t\t\t\t\t\t\t\t<div class=\"news-thumb\">\r\n\t\t\t\t\t\t\t\t\t\t\t\t\t<div class=\"grid-news-thumb\">\r\n\t\t\t\t\t\t\t\t<a href=\"https:\/\/h2o-avocats.com\/en\/news\/legal-500-2016\/\"><img loading=\"lazy\" decoding=\"async\" width=\"480\" height=\"270\" src=\"https:\/\/h2o-avocats.com\/wp-content\/uploads\/2016\/08\/Legal-500.jpg\" class=\"attachment-medium_large size-medium_large wp-post-image\" alt=\"Legal 500 logo\" srcset=\"https:\/\/h2o-avocats.com\/wp-content\/uploads\/2016\/08\/Legal-500.jpg 480w, https:\/\/h2o-avocats.com\/wp-content\/uploads\/2016\/08\/Legal-500-300x169.jpg 300w\" sizes=\"(max-width: 480px) 100vw, 480px\" \/><\/a>\r\n\t\t\t\t\t\t\t<\/div>\r\n\t\t\t\t\t\t\t\t\t\t\t<\/div>\r\n\t\t\t\t\t\r\n\t\t\t\t\t<div class=\"news-content\">\r\n\t\t\t\t\t\t\t\t\t\t\t\t\t<div class=\"grid-date-post\">\r\n\t\t\t\t\t\t\t\t11 November 2016 \/ <a href=\"https:\/\/h2o-avocats.com\/en\/news-category\/news\/\">News<\/a>\t\t\t\t\t\t\t<\/div>\r\n\t\t\t\t\t\t\r\n\t\t\t\t\t\t<div class=\"post-content-text\">\r\n\t\t\t\t\t\t\t<h3 class=\"news-title\"><a href=\"https:\/\/h2o-avocats.com\/en\/news\/legal-500-2016\/\" rel=\"bookmark\">The Legal 500 &#8211; 2016<\/a><\/h3>\t\t\t\t\t\t\t\t<div class=\"news-content-excerpt\">\r\n\t\t\t\t\t\t\t\t\t\t\t\t\t\t\t\t\t\t\t<div class=\"news-short-content\">\r\n\t\t\t\t\t\t\t\t\t\t\t&nbsp; Since 2015, H2O is yearly ranked in Legal500 as reliable and of excellent advice and regarded as providing\u00a0high quality...\t\t\t\t\t\t\t\t\t\t<\/div>\r\n\t\t\t\t\t\t\t\t\t\t<a href=\"https:\/\/h2o-avocats.com\/en\/news\/legal-500-2016\/\" class=\"news-more-link\">Read More<\/a>\r\n\t\t\t\t\t\t\t\t\t\t\t\t\t\t\t\t\t<\/div><!-- .entry-content -->\r\n\t\t\t\t\t\t\t\t\t\t\t\t\t<\/div>\r\n\t\t\t\t\t<\/div>\r\n\t\t\t\t<\/div><!-- #post-## -->\r\n\t\t\t<\/div><!-- #post-## -->\r\n\t\t\r\n\t\t\t<div id=\"post-338\" class=\"news type-news wpnaw-blog-class has-date news-col-list wpnaw-last\">\r\n\t\t\t\t<div class=\"news-inner-wrap-view news-clearfix \">\r\n\r\n\t\t\t\t\t\t\t\t\t\t<div class=\"news-thumb\">\r\n\t\t\t\t\t\t\t\t\t\t\t\t\t<div class=\"grid-news-thumb\">\r\n\t\t\t\t\t\t\t\t<a href=\"https:\/\/h2o-avocats.com\/en\/news\/legal-500-2015\/\"><img loading=\"lazy\" decoding=\"async\" width=\"480\" height=\"270\" src=\"https:\/\/h2o-avocats.com\/wp-content\/uploads\/2016\/08\/Legal-500.jpg\" class=\"attachment-medium_large size-medium_large wp-post-image\" alt=\"Legal 500 logo\" srcset=\"https:\/\/h2o-avocats.com\/wp-content\/uploads\/2016\/08\/Legal-500.jpg 480w, https:\/\/h2o-avocats.com\/wp-content\/uploads\/2016\/08\/Legal-500-300x169.jpg 300w\" sizes=\"(max-width: 480px) 100vw, 480px\" \/><\/a>\r\n\t\t\t\t\t\t\t<\/div>\r\n\t\t\t\t\t\t\t\t\t\t\t<\/div>\r\n\t\t\t\t\t\r\n\t\t\t\t\t<div class=\"news-content\">\r\n\t\t\t\t\t\t\t\t\t\t\t\t\t<div class=\"grid-date-post\">\r\n\t\t\t\t\t\t\t\t17 August 2016 \/ <a href=\"https:\/\/h2o-avocats.com\/en\/news-category\/news\/\">News<\/a>\t\t\t\t\t\t\t<\/div>\r\n\t\t\t\t\t\t\r\n\t\t\t\t\t\t<div class=\"post-content-text\">\r\n\t\t\t\t\t\t\t<h3 class=\"news-title\"><a href=\"https:\/\/h2o-avocats.com\/en\/news\/legal-500-2015\/\" rel=\"bookmark\">The Legal 500 &#8211; 2015<\/a><\/h3>\t\t\t\t\t\t\t\t<div class=\"news-content-excerpt\">\r\n\t\t\t\t\t\t\t\t\t\t\t\t\t\t\t\t\t\t\t<div class=\"news-short-content\">\r\n\t\t\t\t\t\t\t\t\t\t\tSince 2015, H2O is yearly ranked in Legal500 as reliable and of excellent advice and regarded as providing high quality services\t\t\t\t\t\t\t\t\t\t<\/div>\r\n\t\t\t\t\t\t\t\t\t\t<a href=\"https:\/\/h2o-avocats.com\/en\/news\/legal-500-2015\/\" class=\"news-more-link\">Read More<\/a>\r\n\t\t\t\t\t\t\t\t\t\t\t\t\t\t\t\t\t<\/div><!-- .entry-content -->\r\n\t\t\t\t\t\t\t\t\t\t\t\t\t<\/div>\r\n\t\t\t\t\t<\/div>\r\n\t\t\t\t<\/div><!-- #post-## -->\r\n\t\t\t<\/div><!-- #post-## -->\r\n\t\t\t<\/div>\r\n\r\n\t[\/vc_column_text][\/vc_column][\/vc_row]<\/p>\n","protected":false},"excerpt":{"rendered":"<p>&nbsp; Since 2015, H2O is yearly ranked in Legal500 as reliable and of excellent advice and regarded as providing high quality service<br \/><a href=\"https:\/\/h2o-avocats.com\/en\/news\/legal-500-2015\/\" class=\"more\">Read more<\/a><\/p>\n","protected":false},"author":1,"featured_media":0,"parent":0,"menu_order":0,"comment_status":"closed","ping_status":"closed","template":"","meta":{"footnotes":""},"_links":{"self":[{"href":"https:\/\/h2o-avocats.com\/en\/wp-json\/wp\/v2\/pages\/334"}],"collection":[{"href":"https:\/\/h2o-avocats.com\/en\/wp-json\/wp\/v2\/pages"}],"about":[{"href":"https:\/\/h2o-avocats.com\/en\/wp-json\/wp\/v2\/types\/page"}],"author":[{"embeddable":true,"href":"https:\/\/h2o-avocats.com\/en\/wp-json\/wp\/v2\/users\/1"}],"replies":[{"embeddable":true,"href":"https:\/\/h2o-avocats.com\/en\/wp-json\/wp\/v2\/comments?post=334"}],"version-history":[{"count":10,"href":"https:\/\/h2o-avocats.com\/en\/wp-json\/wp\/v2\/pages\/334\/revisions"}],"predecessor-version":[{"id":3335,"href":"https:\/\/h2o-avocats.com\/en\/wp-json\/wp\/v2\/pages\/334\/revisions\/3335"}],"wp:attachment":[{"href":"https:\/\/h2o-avocats.com\/en\/wp-json\/wp\/v2\/media?parent=334"}],"curies":[{"name":"wp","href":"https:\/\/api.w.org\/{rel}","templated":true}]}}