{"id":143,"date":"2015-08-03T09:11:28","date_gmt":"2015-08-03T07:11:28","guid":{"rendered":"http:\/\/businessdummy.wpengine.com\/?page_id=32"},"modified":"2016-12-12T12:07:29","modified_gmt":"2016-12-12T11:07:29","slug":"blog","status":"publish","type":"page","link":"https:\/\/h2o-avocats.com\/en\/blog\/","title":{"rendered":"Blog"},"content":{"rendered":"<p>[vc_row css=&#8221;.vc_custom_1478272573266{margin-top: -10px !important;margin-bottom: 0px !important;}&#8221;][vc_column]<style type=\"text\/css\" >.post-title h2 a{color:#333333;}.post-title h2 a:hover{color:#363535;}.post,.post .post-info a{color:#575757;}.mejs-container .mejs-controls,.audio_ctn{background:#575757 !important;}.post_quote_text,.post_quote_author{background:#363535; color:#ffffff;}.post a{color:#363535;}.post a:hover,.post .post-info a:hover{color:#363535;}.post .more-link{color:#333333; border:1px solid #333333;}.post .more-link:hover{background:#333333; color:#ffffff;}.mejs-controls .mejs-time-rail .mejs-time-current{background:#333333 !important;}.post .post-info{border-bottom:1px solid #ebebeb;}.blog_load_more_cont .btn_load_more{background:#ffffff; color:#2c3e50; border:1px solid #2c3e50;}.blog_load_more_cont .btn_load_more .refresh_icn:before{color:#2c3e50;}.blog_load_more_cont .btn_load_more:hover{background:#2c3e50; color:#ffffff; border:1px solid #2c3e50;}.blog_load_more_cont .btn_load_more:hover .refresh_icn:before{color:#ffffff;}.navigation .pagination span,.navigation .pagination a{border:1px solid #ececec; color:#999999; background:#f7f7f7;}.navigation .pagination .current,.navigation .pagination span:hover,.navigation .pagination a:hover{ color:#ffffff !important; background:#4285f4; border:1px solid #4285f4; }.navigation{border-top:1px solid #ececec;}.pagination_current_position{color:#999999;}.standard_trend_post_wrapper .post-title h2:after{color:#575757;}.standard_trend_post_wrapper .post-info,.standard_trend_post_wrapper .post-info a{color:#363535;}.standard_trend_post_wrapper .more{background:#363535; color:#fff;}.standard_trend_post_wrapper .more:hover{background:#363535; color:#fff;}.standard_trend_post_wrapper .post-info-bottom{border-top:1px solid #ebebeb; color:#575757;}.standard_trend_post_wrapper .post-info-bottom a{color:#575757;}.masonry_post_wrapper,.masonry_post_wrapper .post-info a,.masonry_post_wrapper .post-bottom-info a{color:#575757;}.masonry_post_wrapper a{color:#363535;}.masonry_post_wrapper a:hover,.masonry_post_wrapper .post-info a:hover,.masonry_post_wrapper .post-bottom-info a:hover{color:#363535;}.masonry_post_wrapper .more-link{color:#333333; border:1px solid #333333;}.masonry_post_wrapper .more-link:hover{background:#333333; color:#ffffff;}.masonry_post_wrapper{background:#ffffff; border:1px solid #ebebeb;}.masonry_post_wrapper .post-info{border-bottom:1px solid #ebebeb;}.masonry_post_wrapper .post-bottom-info{border-top:1px solid #ebebeb;}.masonry_post_wrapper .flex-direction-nav li a{color:#333333; background:#ffffff;}.post_masonry .more-link,.post_timeline .more{color:#ffffff; border:1px solid #333333; background:#333333}.post_masonry .more-link:hover{background:#363535; color:#ffffff; border:1px solid #363535;}.grid_blog_post .more{color:#333333; border:1px solid #333333; background:#ffffff}.grid_blog_post .more:hover{background:#333333; color:#ffffff; border:1px solid #333333;}.post.multi_author_post .more-link{color:#333333;  background:none; border:none;}.post.multi_author_post .more-link:hover{color:#363535; background:none; border:none; }.trending_post_wrapper,.standard_trend_post_wrapper{background:#ffffff; border:1px solid #ebebeb}div.post_timeline:after,div.post_timeline:before{background:#ffffff; box-shadow: 0 0 0 3px #ffffff; border:1px solid #363535}.timeline_ctn .v_line{background: #363535; background: -moz-linear-gradient(top, #363535 1%, #363535 100%); background: -webkit-gradient(linear, left top, left bottom, color-stop(1%,#363535), color-stop(100%,#363535)); background: -webkit-linear-gradient(top, #363535 1%,#363535 100%); background: -o-linear-gradient(top, #363535 1%,#363535 100%); background: -ms-linear-gradient(top, #363535 1%,#363535 100%); background: linear-gradient(to bottom, #363535 1%,#363535 100%); filter: progid:DXImageTransform.Microsoft.gradient( startColorstr=\"#363535\", endColorstr=\"#363535\",GradientType=0 );}.timeline_month{background:#ffffff;}.post_timeline .arrow_l,.post_timeline .arrow_r{color:#333333;}.post_timeline:hover .arrow_l,.post_timeline:hover .arrow_r{color:#363535;}.timeline_pd_l,.timeline_pd_r{background:#333333; color:#ffffff;}.timeline_pd_l:before,.timeline_pd_r:before{border-color:transparent #333333 transparent;}.post-attachement a.blog_img_overlay:before{background:#363535;}.masonry_post_wrapper{box-shadow:0 0px 0px #ffffff, 0 10px 0 -1px #ffffff, 0 0px 0px 0px #ffffff,0 0px 0px #ffffff, 0 10px 0 0px #ebebeb, 0px 0px 0px 0px #ffffff;}.author_date_ctn .rounded_date_ctn{border-color:#ffffff; color:#ffffff; background:#333333;}.multi_author_post:hover .rounded_date_ctn,.author_date_ctn:before{background:#363535;}.multi_author_ctn,.multi_author_ctn:after,.author_date_ctn img{background:#ffffff; border:1px solid #ebebeb; }.business_author_post .post_b_author a{color:#333333; }.business_author_post .post_b_date{color:#999999; }.business_author_post .entry,.business_author_post .entry p{color:#575757; }.business_author_post .post_b_category a{background:#f6f7f8; border:1px solid #ebebeb; color:#999999; }.business_author_post .post-info a:first-child{color:#363535; }.business_author_post .post-info a:hover:first-child{color:#333333; }.business_author_post .post-info a,.business_author_post .post-info{color:#999999;}.business_author_post .post-info a:hover,.business_author_post .post_b_author a:hover{color:#363535;}.business_author_post .post_quote_author,.business_author_post .post_quote_text:after,.business_author_post .post_quote_text{background:#363535; color:#ffffff;}<\/style><script>\r\n\r\n\r\n\r\njQuery.noConflict();\r\n\r\n\r\n\r\njQuery(document).ready(function($){\r\n\t\"use strict\";\r\n\r\n\r\n $(window).load(function(){\r\n\r\nfunction watchblog() {\r\n\r\n$(\".masonry_ctn\").isotope({\r\n  \/\/ options\r\n  itemSelector : '.ajax_post',\r\n  layoutMode : 'masonry'\r\n});\r\n\r\n}\r\n\r\nsetInterval(watchblog, 100);\r\n\r\n});});\r\n\r\n\r\n<\/script>\r\n<div id=\"rd_we7eiuvo8x641hov9n4d\" class=\"masonry_ctn standard_business\">\r\n<div class=\"post ajax_post business_author_post\">\r\n\r\n<div class=\"top_info_ctn\">\r\n\t<div class=\"post_b_avatar\">\r\n\t\t<img loading=\"lazy\" decoding=\"async\" src=\"https:\/\/h2o-avocats.com\/wp-content\/uploads\/2020\/12\/SAND-H2O-4-50x50.jpg\" width=\"50\" height=\"50\" alt=\"Sandra BENABOU\" class=\"avatar avatar-50 wp-user-avatar wp-user-avatar-50 alignnone photo\" \/>\t<\/div>\r\n\t<div class=\"post_b_ad\">\r\n\t\t<div class=\"post_b_author\"> <a href=\"https:\/\/h2o-avocats.com\/en\/author\/sbenabou\/\" title=\"Posts by Sandra BENABOU\" rel=\"author\">Sandra BENABOU<\/a><\/div>\r\n\t\t<div class=\"post_b_date\"> 17 December, 2020 <\/div>\r\n\t<\/div>\r\n\t<div class=\"post_b_category\">\r\n\t\t<a href=\"https:\/\/h2o-avocats.com\/en\/category\/uncategorized\/\" rel=\"category tag\">Uncategorized<\/a>\t<\/div>\r\n<\/div>\r\n\r\n  <div class=\"post_ctn\">\r\n    <!-- .title -->\r\n    <div class=\"post-title\">\r\n      <h2><a href=\"https:\/\/h2o-avocats.com\/en\/actualites-novembre-2020\/\" title=\"\/ Actualit\u00e9s #novembre 2020 \/\/\">\r\n        \/ Actualit\u00e9s #novembre 2020 \/\/        <\/a><\/h2>\r\n    <\/div>\r\n    <!-- .title END-->\r\n\r\n\r\n    <!-- .entry -->\r\n     <div class=\"entry\">\r\n          <p>Newsletter H2O # Novembre 2020<\/p>\n<p><\/p>    <\/div>\r\n\t    <!-- .entry END -->\r\n    <div class=\"post-info\"><span class=\"pi_readmore\"><a href=\"https:\/\/h2o-avocats.com\/en\/actualites-novembre-2020\/\" title=\"\/ Actualit\u00e9s #novembre 2020 \/\/\">Read More<\/a>    <span class=\"pi_sep\">|<\/span>    <\/span><span class=\"pi_comment\"><a href=\"https:\/\/h2o-avocats.com\/en\/actualites-novembre-2020\/#respond\" class=\"comments-link\" >0 comment<\/a>    <span class=\"pi_sep\">|<\/span>    <\/span><span class=\"pi_like\"><a href=\"#\" class=\"zilla-likes\" id=\"zilla-likes-3704\" title=\"Like this\"><span class=\"zilla-likes-count\">0<\/span> <span class=\"zilla-likes-postfix\"><\/span><\/a><\/span><\/div>\r\n\r\n\r\n  <\/div>\r\n  <!-- .post-content END-->\r\n<\/div>\r\n\r\n<!-- .post END -->\r\n\r\n<div class=\"post ajax_post business_author_post\">\r\n\r\n<div class=\"top_info_ctn\">\r\n\t<div class=\"post_b_avatar\">\r\n\t\t<img loading=\"lazy\" decoding=\"async\" src=\"https:\/\/h2o-avocats.com\/wp-content\/uploads\/2016\/11\/Nicolas-Avatar-1-50x50.jpg\" width=\"50\" height=\"50\" alt=\"Nicolas Herzog\" class=\"avatar avatar-50 wp-user-avatar wp-user-avatar-50 alignnone photo\" \/>\t<\/div>\r\n\t<div class=\"post_b_ad\">\r\n\t\t<div class=\"post_b_author\"> <a href=\"https:\/\/h2o-avocats.com\/en\/author\/herzog\/\" title=\"Posts by Nicolas Herzog\" rel=\"author\">Nicolas Herzog<\/a><\/div>\r\n\t\t<div class=\"post_b_date\"> 23 April, 2017 <\/div>\r\n\t<\/div>\r\n\t<div class=\"post_b_category\">\r\n\t\t<a href=\"https:\/\/h2o-avocats.com\/en\/category\/uncategorized\/\" rel=\"category tag\">Uncategorized<\/a>\t<\/div>\r\n<\/div>\r\n\r\n  <div class=\"post_ctn\">\r\n    <!-- .title -->\r\n    <div class=\"post-title\">\r\n      <h2><a href=\"https:\/\/h2o-avocats.com\/en\/indemnisation-plagiat-dun-site-concurrent\/\" title=\"Indemnisation du plagiat d\u2019un site par son concurrent\">\r\n        Indemnisation du plagiat d\u2019un site par son concurrent        <\/a><\/h2>\r\n    <\/div>\r\n    <!-- .title END-->\r\n\r\n\r\n    <!-- .entry -->\r\n     <div class=\"entry\">\r\n          <p>Par une analyse tr\u00e8s fine des demandes d\u2019indemnisation d\u2019un site qui a \u00e9t\u00e9 copi\u00e9 de fa\u00e7on quasi servile par son concurrent, la cour d\u2019appel de Paris a confirm\u00e9 la condamnation en premi\u00e8re instance de ce dernier \u00e0 verser 5 000 \u20ac, au titre de son pr\u00e9judice \u00e9conomique. Elle a par ailleurs octroy\u00e9 5 000 \u20ac<\/p>\n<p><\/p>    <\/div>\r\n\t    <!-- .entry END -->\r\n    <div class=\"post-info\"><span class=\"pi_readmore\"><a href=\"https:\/\/h2o-avocats.com\/en\/indemnisation-plagiat-dun-site-concurrent\/\" title=\"Indemnisation du plagiat d\u2019un site par son concurrent\">Read More<\/a>    <span class=\"pi_sep\">|<\/span>    <\/span><span class=\"pi_comment\"><a href=\"https:\/\/h2o-avocats.com\/en\/indemnisation-plagiat-dun-site-concurrent\/#respond\" class=\"comments-link\" >0 comment<\/a>    <span class=\"pi_sep\">|<\/span>    <\/span><span class=\"pi_like\"><a href=\"#\" class=\"zilla-likes\" id=\"zilla-likes-3459\" title=\"Like this\"><span class=\"zilla-likes-count\">0<\/span> <span class=\"zilla-likes-postfix\"><\/span><\/a><\/span><\/div>\r\n\r\n\r\n  <\/div>\r\n  <!-- .post-content END-->\r\n<\/div>\r\n\r\n<!-- .post END -->\r\n\r\n<div class=\"post ajax_post business_author_post\">\r\n\r\n<div class=\"top_info_ctn\">\r\n\t<div class=\"post_b_avatar\">\r\n\t\t<img loading=\"lazy\" decoding=\"async\" src=\"https:\/\/h2o-avocats.com\/wp-content\/uploads\/2016\/11\/Nicolas-Avatar-1-50x50.jpg\" width=\"50\" height=\"50\" alt=\"Nicolas Herzog\" class=\"avatar avatar-50 wp-user-avatar wp-user-avatar-50 alignnone photo\" \/>\t<\/div>\r\n\t<div class=\"post_b_ad\">\r\n\t\t<div class=\"post_b_author\"> <a href=\"https:\/\/h2o-avocats.com\/en\/author\/herzog\/\" title=\"Posts by Nicolas Herzog\" rel=\"author\">Nicolas Herzog<\/a><\/div>\r\n\t\t<div class=\"post_b_date\"> 22 February, 2017 <\/div>\r\n\t<\/div>\r\n\t<div class=\"post_b_category\">\r\n\t\t<a href=\"https:\/\/h2o-avocats.com\/en\/category\/audit-en\/\" rel=\"category tag\">Audit<\/a> <a href=\"https:\/\/h2o-avocats.com\/en\/category\/contrefacon-en\/\" rel=\"category tag\">Contrefa\u00e7on<\/a> <a href=\"https:\/\/h2o-avocats.com\/en\/category\/licence-logiciel-en\/\" rel=\"category tag\">Licence logiciel<\/a>\t<\/div>\r\n<\/div>\r\n\r\n  <div class=\"post_ctn\">\r\n    <!-- .title -->\r\n    <div class=\"post-title\">\r\n      <h2><a href=\"https:\/\/h2o-avocats.com\/en\/les-licences-dacces-indirect-a-sap-sont-legitimes-selon-la-justice-britannique\/\" title=\"Les licences d\u2019acc\u00e8s indirect \u00e0 SAP sont l\u00e9gitimes selon la justice britannique\">\r\n        Les licences d\u2019acc\u00e8s indirect \u00e0 SAP sont l\u00e9gitimes selon la justice britannique        <\/a><\/h2>\r\n    <\/div>\r\n    <!-- .title END-->\r\n\r\n\r\n    <!-- .entry -->\r\n     <div class=\"entry\">\r\n          <p>C\u2019est un jugement qui va faire r\u00e9fl\u00e9chir de nombreux clients SAP. La cour royale de justice d\u2019Angleterre et du Pays de Galles vient en effet de donner raison \u00e0 l\u2019\u00e9diteur allemand qui estime que les droits de licence et les frais de maintenance s\u2019appliquent \u00e9galement en cas d\u2019acc\u00e8s indirect aux donn\u00e9es h\u00e9berg\u00e9es dans ses bases<\/p>\n<p><\/p>    <\/div>\r\n\t    <!-- .entry END -->\r\n    <div class=\"post-info\"><span class=\"pi_readmore\"><a href=\"https:\/\/h2o-avocats.com\/en\/les-licences-dacces-indirect-a-sap-sont-legitimes-selon-la-justice-britannique\/\" title=\"Les licences d\u2019acc\u00e8s indirect \u00e0 SAP sont l\u00e9gitimes selon la justice britannique\">Read More<\/a>    <span class=\"pi_sep\">|<\/span>    <\/span><span class=\"pi_comment\"><a href=\"https:\/\/h2o-avocats.com\/en\/les-licences-dacces-indirect-a-sap-sont-legitimes-selon-la-justice-britannique\/#respond\" class=\"comments-link\" >0 comment<\/a>    <span class=\"pi_sep\">|<\/span>    <\/span><span class=\"pi_like\"><a href=\"#\" class=\"zilla-likes\" id=\"zilla-likes-3411\" title=\"Like this\"><span class=\"zilla-likes-count\">0<\/span> <span class=\"zilla-likes-postfix\"><\/span><\/a><\/span><\/div>\r\n\r\n\r\n  <\/div>\r\n  <!-- .post-content END-->\r\n<\/div>\r\n\r\n<!-- .post END -->\r\n\r\n<div class=\"post ajax_post business_author_post\">\r\n\r\n<div class=\"top_info_ctn\">\r\n\t<div class=\"post_b_avatar\">\r\n\t\t<img loading=\"lazy\" decoding=\"async\" src=\"https:\/\/h2o-avocats.com\/wp-content\/uploads\/2016\/11\/Nicolas-Avatar-1-50x50.jpg\" width=\"50\" height=\"50\" alt=\"Nicolas Herzog\" class=\"avatar avatar-50 wp-user-avatar wp-user-avatar-50 alignnone photo\" \/>\t<\/div>\r\n\t<div class=\"post_b_ad\">\r\n\t\t<div class=\"post_b_author\"> <a href=\"https:\/\/h2o-avocats.com\/en\/author\/herzog\/\" title=\"Posts by Nicolas Herzog\" rel=\"author\">Nicolas Herzog<\/a><\/div>\r\n\t\t<div class=\"post_b_date\"> 15 January, 2017 <\/div>\r\n\t<\/div>\r\n\t<div class=\"post_b_category\">\r\n\t\t<a href=\"https:\/\/h2o-avocats.com\/en\/category\/donnees-personnelles-en\/\" rel=\"category tag\">Donn\u00e9es Personnelles<\/a> <a href=\"https:\/\/h2o-avocats.com\/en\/category\/uncategorized\/\" rel=\"category tag\">Uncategorized<\/a>\t<\/div>\r\n<\/div>\r\n\r\n  <div class=\"post_ctn\">\r\n    <!-- .title -->\r\n    <div class=\"post-title\">\r\n      <h2><a href=\"https:\/\/h2o-avocats.com\/en\/donnees-la-justice-europeenne-dit-non-lobligation-de-conservation-generalisee\/\" title=\"Donn\u00e9es : la justice europ\u00e9enne dit non \u00e0 l\u2019obligation de conservation g\u00e9n\u00e9ralis\u00e9e\">\r\n        Donn\u00e9es : la justice europ\u00e9enne dit non \u00e0 l\u2019obligation de conservation g\u00e9n\u00e9ralis\u00e9e        <\/a><\/h2>\r\n    <\/div>\r\n    <!-- .title END-->\r\n\r\n\r\n    <!-- .entry -->\r\n     <div class=\"entry\">\r\n          <p>La CJUE rejette toute r\u00e9glementation nationale pr\u00e9voyant une conservation g\u00e9n\u00e9ralis\u00e9e des donn\u00e9es. Le droit au respect de la vie priv\u00e9e prime. Cela devrait faire du bruit en France. La port\u00e9e de cet arr\u00eat de la Cour de justice de l\u2019Union europ\u00e9enne devrait secouer les l\u00e9gislations nationales en mati\u00e8re d\u2019obligation de conservation de donn\u00e9es qui incombe<\/p>\n<p><\/p>    <\/div>\r\n\t    <!-- .entry END -->\r\n    <div class=\"post-info\"><span class=\"pi_readmore\"><a href=\"https:\/\/h2o-avocats.com\/en\/donnees-la-justice-europeenne-dit-non-lobligation-de-conservation-generalisee\/\" title=\"Donn\u00e9es : la justice europ\u00e9enne dit non \u00e0 l\u2019obligation de conservation g\u00e9n\u00e9ralis\u00e9e\">Read More<\/a>    <span class=\"pi_sep\">|<\/span>    <\/span><span class=\"pi_comment\"><a href=\"https:\/\/h2o-avocats.com\/en\/donnees-la-justice-europeenne-dit-non-lobligation-de-conservation-generalisee\/#respond\" class=\"comments-link\" >0 comment<\/a>    <span class=\"pi_sep\">|<\/span>    <\/span><span class=\"pi_like\"><a href=\"#\" class=\"zilla-likes\" id=\"zilla-likes-3384\" title=\"Like this\"><span class=\"zilla-likes-count\">0<\/span> <span class=\"zilla-likes-postfix\"><\/span><\/a><\/span><\/div>\r\n\r\n\r\n  <\/div>\r\n  <!-- .post-content END-->\r\n<\/div>\r\n\r\n<!-- .post END -->\r\n\r\n<div class=\"post ajax_post business_author_post\">\r\n\r\n<div class=\"top_info_ctn\">\r\n\t<div class=\"post_b_avatar\">\r\n\t\t<img loading=\"lazy\" decoding=\"async\" src=\"https:\/\/h2o-avocats.com\/wp-content\/uploads\/2016\/11\/Nicolas-Avatar-1-50x50.jpg\" width=\"50\" height=\"50\" alt=\"Nicolas Herzog\" class=\"avatar avatar-50 wp-user-avatar wp-user-avatar-50 alignnone photo\" \/>\t<\/div>\r\n\t<div class=\"post_b_ad\">\r\n\t\t<div class=\"post_b_author\"> <a href=\"https:\/\/h2o-avocats.com\/en\/author\/herzog\/\" title=\"Posts by Nicolas Herzog\" rel=\"author\">Nicolas Herzog<\/a><\/div>\r\n\t\t<div class=\"post_b_date\"> 20 December, 2016 <\/div>\r\n\t<\/div>\r\n\t<div class=\"post_b_category\">\r\n\t\t<a href=\"https:\/\/h2o-avocats.com\/en\/category\/droit-de-la-presse-en\/\" rel=\"category tag\">Droit de la presse<\/a>\t<\/div>\r\n<\/div>\r\n\r\n  <div class=\"post_ctn\">\r\n    <!-- .title -->\r\n    <div class=\"post-title\">\r\n      <h2><a href=\"https:\/\/h2o-avocats.com\/en\/blog-et-point-de-depart-du-delai-de-prescription\/\" title=\"Parution d\u2019un livre antis\u00e9mite : les mentions d\u2019un blog, point de d\u00e9part du d\u00e9lai de prescription\">\r\n        Parution d\u2019un livre antis\u00e9mite : les mentions d\u2019un blog, point de d\u00e9part du d\u00e9lai de prescription        <\/a><\/h2>\r\n    <\/div>\r\n    <!-- .title END-->\r\n\r\n\r\n    <!-- .entry -->\r\n     <div class=\"entry\">\r\n          <p>Pour affirmer que l\u2019action publique contre un livre antis\u00e9mite n\u2019\u00e9tait pas prescrite, la 17\u00e8me chambre correctionnelle du TGI de Paris a pris en compte les affirmations de l\u2019auteur sur son site internet annon\u00e7ant la parution de l\u2019ouvrage en avril 2012. La plainte avec constitution de partie civile ayant \u00e9t\u00e9 enregistr\u00e9e le 28 f\u00e9vrier 2013, l\u2019action<\/p>\n<p><\/p>    <\/div>\r\n\t    <!-- .entry END -->\r\n    <div class=\"post-info\"><span class=\"pi_readmore\"><a href=\"https:\/\/h2o-avocats.com\/en\/blog-et-point-de-depart-du-delai-de-prescription\/\" title=\"Parution d\u2019un livre antis\u00e9mite : les mentions d\u2019un blog, point de d\u00e9part du d\u00e9lai de prescription\">Read More<\/a>    <span class=\"pi_sep\">|<\/span>    <\/span><span class=\"pi_comment\"><a href=\"https:\/\/h2o-avocats.com\/en\/blog-et-point-de-depart-du-delai-de-prescription\/#respond\" class=\"comments-link\" >0 comment<\/a>    <span class=\"pi_sep\">|<\/span>    <\/span><span class=\"pi_like\"><a href=\"#\" class=\"zilla-likes\" id=\"zilla-likes-3374\" title=\"Like this\"><span class=\"zilla-likes-count\">0<\/span> <span class=\"zilla-likes-postfix\"><\/span><\/a><\/span><\/div>\r\n\r\n\r\n  <\/div>\r\n  <!-- .post-content END-->\r\n<\/div>\r\n\r\n<!-- .post END -->\r\n\r\n\r\n<!-- .navigation -->\r\n<\/div>\r\n<div class=\"navigation clearfix b_nav\">\r\n  <div class='pagination'><span class='current'>1<\/span><a href='https:\/\/h2o-avocats.com\/en\/wp-json\/wp\/v2\/pages\/143\/page\/2\/' class='inactive' >2<\/a><a href='https:\/\/h2o-avocats.com\/en\/wp-json\/wp\/v2\/pages\/143\/page\/3\/' class='inactive' >3<\/a><a href='https:\/\/h2o-avocats.com\/en\/wp-json\/wp\/v2\/pages\/143\/page\/2\/' class='navigation_next'><\/a><a href='https:\/\/h2o-avocats.com\/en\/wp-json\/wp\/v2\/pages\/143\/page\/13\/' class='navigation_last'><\/a><\/div>\n<\/div>\r\n\r\n<!-- .navigation END -->\r\n\r\n[\/vc_column][\/vc_row]<\/p>\n","protected":false},"excerpt":{"rendered":"<p>Newsletter H2O # Novembre 2020<\/p>\n","protected":false},"author":1,"featured_media":0,"parent":0,"menu_order":0,"comment_status":"closed","ping_status":"closed","template":"","meta":{"footnotes":""},"_links":{"self":[{"href":"https:\/\/h2o-avocats.com\/en\/wp-json\/wp\/v2\/pages\/143"}],"collection":[{"href":"https:\/\/h2o-avocats.com\/en\/wp-json\/wp\/v2\/pages"}],"about":[{"href":"https:\/\/h2o-avocats.com\/en\/wp-json\/wp\/v2\/types\/page"}],"author":[{"embeddable":true,"href":"https:\/\/h2o-avocats.com\/en\/wp-json\/wp\/v2\/users\/1"}],"replies":[{"embeddable":true,"href":"https:\/\/h2o-avocats.com\/en\/wp-json\/wp\/v2\/comments?post=143"}],"version-history":[{"count":9,"href":"https:\/\/h2o-avocats.com\/en\/wp-json\/wp\/v2\/pages\/143\/revisions"}],"predecessor-version":[{"id":3336,"href":"https:\/\/h2o-avocats.com\/en\/wp-json\/wp\/v2\/pages\/143\/revisions\/3336"}],"wp:attachment":[{"href":"https:\/\/h2o-avocats.com\/en\/wp-json\/wp\/v2\/media?parent=143"}],"curies":[{"name":"wp","href":"https:\/\/api.w.org\/{rel}","templated":true}]}}