{"id":139,"date":"2015-07-20T10:44:45","date_gmt":"2015-07-20T08:44:45","guid":{"rendered":"http:\/\/businessdummy.wpengine.com\/?page_id=6"},"modified":"2019-09-16T21:36:15","modified_gmt":"2019-09-16T20:36:15","slug":"home","status":"publish","type":"page","link":"https:\/\/h2o-avocats.com\/en\/","title":{"rendered":"Home"},"content":{"rendered":"<p>[vc_row type=&#8221;full-width-section&#8221; overlay=&#8221;1&#8243; overlay_color=&#8221;rgba(204,202,191,0.5)&#8221; css=&#8221;.vc_custom_1478518576802{padding-top: 240px !important;padding-bottom: 240px !important;background-image: url(http:\/\/h2o-avocats.com\/wp-content\/uploads\/2015\/07\/Tangential-High-4.jpg?id=2928) !important;background-position: center !important;background-repeat: no-repeat !important;background-size: cover !important;}&#8221;][vc_column][vc_custom_heading text=&#8221;H<sub>2<\/sub>O AVOCATS&#8221; font_container=&#8221;tag:h1|text_align:center|color:%23ffffff&#8221; use_theme_fonts=&#8221;yes&#8221;][\/vc_column][\/vc_row][vc_row type=&#8221;full-width-section&#8221; css=&#8221;.vc_custom_1477923363684{margin-top: -35px !important;padding-top: 5px !important;background-color: #6b2113 !important;}&#8221;][vc_column][\/vc_column][\/vc_row][vc_row type=&#8221;full-width-section&#8221; equal_height=&#8221;yes&#8221; parallax_background=&#8221;1&#8243; css=&#8221;.vc_custom_1477919295329{margin-top: 35px !important;margin-bottom: 40px !important;padding-top: 50px !important;padding-bottom: 50px !important;background-color: rgba(255,255,255,0.51) !important;*background-color: rgb(255,255,255) !important;border-radius: 2px !important;}&#8221;][vc_column][vc_custom_heading text=&#8221;WHY H<sub>2<\/sub>O&#8221; font_container=&#8221;tag:h2|text_align:center|color:%23363535&#8243; use_theme_fonts=&#8221;yes&#8221; css=&#8221;.vc_custom_1477926130149{padding-bottom: 10px !important;}&#8221;][vc_column_text font_size=&#8221;23&#8243; css_animation=&#8221;right-to-left&#8221;]<span style=\"color: #6b2113;\">Transparency &#8211; Fluidity &#8211; Responsiveness &#8211; Adaptability &#8211; Vitality &#8211; Dynamism &#8211; Resourcefulness &#8211; Sustainability<\/span>[\/vc_column_text][vc_column_text css_animation=&#8221;right-to-left&#8221; css=&#8221;.vc_custom_1478176008480{margin-bottom: 50px !important;}&#8221;]<span style=\"color: #363535;\">All these characteristics evoking water are values which guide the relationship H<sub>2<\/sub>O Firm has with its clients:<\/span><\/p>\n<p><span style=\"color: #363535;\">\u00b7 We communicate transparently with our clients on the risk assessment of their case and the costs of our services<\/span><br \/>\n<span style=\"color: #363535;\">\u00b7 Our clients are informed in real time of developments in their case<\/span><br \/>\n<span style=\"color: #363535;\">\u00b7 Beyond the legal issues, we take into account the psychological aspects of a case<\/span><br \/>\n<span style=\"color: #363535;\">\u00b7 We act proactively and pragmatically to achieve solutions<\/span><br \/>\n<span style=\"color: #363535;\">\u00b7 Our strategies adapt to each context and take into account the economic stakes<\/span><\/p>\n<p><span style=\"color: #363535;\">These values enable us to build a lasting relationship of trust with our clients.<\/span>[\/vc_column_text][\/vc_column][\/vc_row][vc_row type=&#8221;full-width-section&#8221; a_select=&#8221;1&#8243; a_bg_color=&#8221;#6b2113&#8243; css=&#8221;.vc_custom_1478178574259{margin-top: -25px !important;background-color: #6b2113 !important;}&#8221;][vc_column][vc_custom_heading text=&#8221;PRACTICE AREAS&#8221; font_container=&#8221;tag:h2|font_size:40px|text_align:center|color:%23ffffff&#8221; use_theme_fonts=&#8221;yes&#8221; css=&#8221;.vc_custom_1478178598959{padding-top: 60px !important;padding-bottom: 50px !important;}&#8221;][\/vc_column][\/vc_row][vc_row type=&#8221;full-width-section&#8221; css=&#8221;.vc_custom_1478174346337{margin-top: 40px !important;margin-bottom: 20px !important;padding-top: 20px !important;}&#8221;][vc_column width=&#8221;1\/3&#8243; css=&#8221;.vc_custom_1478177785645{margin-bottom: 10px !important;}&#8221;][vc_single_image image=&#8221;1755&#8243; img_size=&#8221;150&#215;150&#8243; alignment=&#8221;center&#8221; onclick=&#8221;custom_link&#8221; hover_effect=&#8221;img_remove_color&#8221; animation=&#8221;rda_fadeInUp&#8221; link=&#8221;https:\/\/h2o-avocats.com\/en\/practice-areas\/digital-law\/&#8221;][vc_column_text css_animation=&#8221;bottom-to-top&#8221;]<\/p>\n<h3 style=\"text-align: center;\"><a href=\"https:\/\/h2o-avocats.com\/en\/practice-areas\/digital-law\/\">Digital Law<\/a><\/h3>\n<p>[\/vc_column_text][vc_column_text css_animation=&#8221;bottom-to-top&#8221; css=&#8221;.vc_custom_1568665910692{margin-top: -10px !important;padding-top: -10px !important;}&#8221;]<\/p>\n<p style=\"text-align: center;\"><a href=\"https:\/\/h2o-avocats.com\/en\/practice-areas\/digital-law\/\">Digital Law\u00a0covers computer systems and networks, Internet areas, dematerialization of paper-based documents (EDI) and electronic archiving as well as protection of personal data.<\/a><\/p>\n<p>[\/vc_column_text][\/vc_column][vc_column width=&#8221;1\/3&#8243; css=&#8221;.vc_custom_1478177802993{margin-bottom: 10px !important;}&#8221;][vc_single_image image=&#8221;1756&#8243; img_size=&#8221;150&#215;150&#8243; alignment=&#8221;center&#8221; onclick=&#8221;custom_link&#8221; hover_effect=&#8221;img_remove_color&#8221; animation=&#8221;rda_fadeInUp&#8221; link=&#8221;https:\/\/h2o-avocats.com\/en\/practice-areas\/industrial-intellectual-property-law\/&#8221;][vc_column_text css_animation=&#8221;bottom-to-top&#8221;]<\/p>\n<h3 style=\"text-align: center;\"><a href=\"https:\/\/h2o-avocats.com\/en\/practice-areas\/industrial-intellectual-property-law\/\">Industrial &amp; Intellectual Property Law<\/a><\/h3>\n<p>[\/vc_column_text][vc_column_text css_animation=&#8221;bottom-to-top&#8221; css=&#8221;.vc_custom_1568665943519{margin-top: -10px !important;padding-top: -10px !important;}&#8221;]<\/p>\n<p style=\"text-align: center;\"><a href=\"https:\/\/h2o-avocats.com\/en\/practice-areas\/industrial-intellectual-property-law\/\">Our expertise in Intellectual Property Law covers Copyright, Trademarks, Patents, Designs and Models, Softwares, Domain Names and Databases.<\/a><\/p>\n<p>[\/vc_column_text][\/vc_column][vc_column width=&#8221;1\/3&#8243; css=&#8221;.vc_custom_1478177812962{margin-bottom: 10px !important;}&#8221;][vc_single_image image=&#8221;1757&#8243; img_size=&#8221;150&#215;150&#8243; alignment=&#8221;center&#8221; onclick=&#8221;custom_link&#8221; hover_effect=&#8221;img_remove_color&#8221; animation=&#8221;rda_fadeInUp&#8221; link=&#8221;https:\/\/h2o-avocats.com\/en\/practice-areas\/media-law\/&#8221;][vc_column_text css_animation=&#8221;bottom-to-top&#8221;]<\/p>\n<h3 style=\"text-align: center;\"><a href=\"https:\/\/h2o-avocats.com\/en\/practice-areas\/media-law\/\">Media\u00a0Law<\/a><\/h3>\n<p>[\/vc_column_text][vc_column_text css_animation=&#8221;bottom-to-top&#8221; css=&#8221;.vc_custom_1568665981092{margin-top: -10px !important;padding-top: -10px !important;}&#8221;]<\/p>\n<p style=\"text-align: center;\"><a href=\"https:\/\/h2o-avocats.com\/en\/practice-areas\/media-law\/\">Media Law contains practice in the areas of Internet law, publishing, press (defamation and actionable public insults, violations of the right to control the use of a person\u2019s image and privacy rights), production of films and advertising.<\/a><\/p>\n<p>[\/vc_column_text][\/vc_column][\/vc_row][vc_row type=&#8221;full-width-section&#8221; css=&#8221;.vc_custom_1478174807519{margin-top: 20px !important;margin-bottom: 40px !important;}&#8221;][vc_column width=&#8221;1\/3&#8243; css=&#8221;.vc_custom_1478177871414{margin-bottom: 10px !important;}&#8221;][vc_single_image image=&#8221;1758&#8243; img_size=&#8221;150&#215;150&#8243; alignment=&#8221;center&#8221; onclick=&#8221;custom_link&#8221; hover_effect=&#8221;img_remove_color&#8221; animation=&#8221;rda_fadeInUp&#8221; link=&#8221;https:\/\/h2o-avocats.com\/en\/practice-areas\/commercial-law\/&#8221;][vc_column_text css_animation=&#8221;bottom-to-top&#8221;]<\/p>\n<h3 style=\"text-align: center;\"><a href=\"https:\/\/h2o-avocats.com\/en\/practice-areas\/commercial-law\/\">Commercial Law<\/a><\/h3>\n<p>[\/vc_column_text][vc_column_text css_animation=&#8221;bottom-to-top&#8221; css=&#8221;.vc_custom_1568666033465{margin-top: -10px !important;padding-top: -10px !important;}&#8221;]<\/p>\n<p style=\"text-align: center;\"><a href=\"https:\/\/h2o-avocats.com\/en\/practice-areas\/commercial-law\/\">Commercial law includes all issues relating to contracts, advice and assistance in unfair competition and passing off, sudden termination of established business relationships and hidden defects.<\/a><\/p>\n<p>[\/vc_column_text][\/vc_column][vc_column width=&#8221;1\/3&#8243; css=&#8221;.vc_custom_1478177877618{margin-bottom: 10px !important;}&#8221;][vc_single_image image=&#8221;1755&#8243; img_size=&#8221;150&#215;150&#8243; alignment=&#8221;center&#8221; onclick=&#8221;custom_link&#8221; hover_effect=&#8221;img_remove_color&#8221; animation=&#8221;rda_fadeInUp&#8221; link=&#8221;https:\/\/h2o-avocats.com\/en\/practice-areas\/insurance-law\/&#8221;][vc_column_text css_animation=&#8221;bottom-to-top&#8221;]<\/p>\n<h3 style=\"text-align: center;\"><a href=\"https:\/\/h2o-avocats.com\/en\/practice-areas\/insurance-law\/\">Insurance Law<\/a><\/h3>\n<p>[\/vc_column_text][vc_column_text css_animation=&#8221;bottom-to-top&#8221; css=&#8221;.vc_custom_1568666065914{margin-top: -10px !important;padding-top: -10px !important;}&#8221;]<\/p>\n<p style=\"text-align: center;\"><a href=\"https:\/\/h2o-avocats.com\/en\/practice-areas\/insurance-law\/\">Insurance Law covers litigation insurance coverage (liability waiver, lapse in coverage,limitation period, effect of guarantees in time.)<\/a><\/p>\n<p>[\/vc_column_text][\/vc_column][vc_column width=&#8221;1\/3&#8243;][vc_single_image image=&#8221;1758&#8243; img_size=&#8221;150&#215;150&#8243; alignment=&#8221;center&#8221; onclick=&#8221;custom_link&#8221; hover_effect=&#8221;img_remove_color&#8221; animation=&#8221;rda_fadeInUp&#8221; link=&#8221;https:\/\/h2o-avocats.com\/en\/practice-areas\/public-law\/&#8221;][vc_column_text css_animation=&#8221;bottom-to-top&#8221;]<\/p>\n<h3 style=\"text-align: center;\"><a href=\"\/en\/practice-areas\/public-law\/\">Public Law<\/a><\/h3>\n<p>[\/vc_column_text][vc_column_text css_animation=&#8221;bottom-to-top&#8221; css=&#8221;.vc_custom_1568665672720{margin-top: -10px !important;padding-top: -10px !important;}&#8221;]<\/p>\n<p style=\"text-align: center;\"><a href=\"\/en\/practice-areas\/public-law\/\">Public Law focuses on the organization of the government, the relations between the state and its citizens or between the state and private companies, the responsibilities of public entities. It deals also with public procurement contracts, i.e the purchasing by public sector bodies and certain utility sector bodies of contracts for goods, works or services.<\/a><\/p>\n<p>[\/vc_column_text][\/vc_column][\/vc_row][vc_row type=&#8221;full-width-section&#8221; equal_height=&#8221;yes&#8221; overlay=&#8221;1&#8243; overlay_color=&#8221;rgba(204,202,191,0.52)&#8221; css=&#8221;.vc_custom_1478873771981{margin-top: 32px !important;margin-bottom: 10px !important;padding-top: 40px !important;padding-bottom: 80px !important;background-image: url(http:\/\/h2o-avocats.com\/wp-content\/uploads\/2016\/10\/Tangential-Angle-6.jpg?id=1656) !important;}&#8221;][vc_column][vc_custom_heading text=&#8221;OUR TEAM&#8221; font_container=&#8221;tag:h2|text_align:center|color:%23ffffff&#8221; use_theme_fonts=&#8221;yes&#8221;]<style type=\"text\/css\" >#rp_uczit4l5zm9y7tcdfod2.rstaff_02{background:#ffffff;}#rp_uczit4l5zm9y7tcdfod2.rstaff_02 .team-member:nth-child(odd) .member-info{background:#ffffff; color:#000000;}#rp_uczit4l5zm9y7tcdfod2.rstaff_02 .team-member:nth-child(even) .member-info{background:#f9fafb; color:#000000;}#rp_uczit4l5zm9y7tcdfod2.rstaff_02  .team-member:nth-child(odd) .bw-wrapper:after{background:#ffffff;}#rp_uczit4l5zm9y7tcdfod2.rstaff_02 .team-member:nth-child(even) .bw-wrapper:after{background:#f9fafb;}#rp_uczit4l5zm9y7tcdfod2.rstaff_02 .member-info h3 a{color:#2c3e50;}#rp_uczit4l5zm9y7tcdfod2.rstaff_02 .team-member:hover .bw-wrapper a:before{background:#6b2113;}\r\n#rp_uczit4l5zm9y7tcdfod2.rstaff_02 .staff_nav .staff_left,#rp_uczit4l5zm9y7tcdfod2.rstaff_02 .staff_nav .staff_right{background:#2c3e50 ;}#rp_uczit4l5zm9y7tcdfod2.rstaff_02 .staff_nav .staff_left:hover,#rp_uczit4l5zm9y7tcdfod2.rstaff_02 .staff_nav .staff_right:hover{background:#6b2113;}<\/style><script>\r\n\r\n\r\n\r\njQuery.noConflict();\r\n\r\njQuery(document).ready(function($){\r\n\r\n\"use strict\";\r\n\r\n $(window).load(function(){\r\n\t\t\t\t\t\t\t   $(\".filter_uczit4l5zm9y7tcdfod2 .staffoptionset li a\").each(function() {\r\n\r\n\t\t\t\t\t\t\t\tvar filter_class = $(this).attr('data-option-value');\r\n\t\t\t\t\t\t\t\t if ($('#rp_uczit4l5zm9y7tcdfod2').find(filter_class).length) { \/\/ implies *not* zero\r\n\t\t\t\t\t\t\t\t$(this).parent('li').show();\r\n\t\t\t\t\t\t\t\t }else{\r\n\t\t\t\t\t\t\t\t$(this).parent('li').hide();\r\n\t\t\t\t\t\t\t\t }\r\n\t\t\t\t\t\t\t\t});\r\n\r\n\r\n\r\n\r\n$('.masonry_ctn').isotope({\r\n  \/\/ options\r\n  itemSelector : '.staff_post',\r\n  layoutMode : 'masonry'\r\n});\r\n\r\n\r\n});});\r\n\r\n\r\n<\/script>\r\n\r\n<div class=\"rd_staff_posts_ctn masonry_ctn blog_4_col rstaff_02\" id=\"rp_uczit4l5zm9y7tcdfod2\">\r\n\r\n<div class=\"carousel_recent_post team-member staff_post ajax_post \">\r\n    <div class=\"recent_port_ctn clearfix\">\r\n\r\n\r\n         <div class=\"member-photo s_effect\">\r\n\r\n    <div class=\"bw-wrapper\">       <a href=\"https:\/\/h2o-avocats.com\/en\/team\/nicolas-herzog\/\" target=\"_self\"><img loading=\"lazy\" decoding=\"async\" width=\"586\" height=\"440\" src=\"https:\/\/h2o-avocats.com\/wp-content\/uploads\/2016\/10\/H2O-Avocats-Nicolas-9-586x440.jpg\" class=\"attachment-586x440 size-586x440 wp-post-image\" alt=\"H2O Avocats Nicolas Herzog\" title=\"\" \/>  <\/a> \r\n\r\n    <\/div>\r\n\r\n  <\/div>\r\n\r\n  <div class=\"member-info\">\r\n\r\n    <h3><a href=\"https:\/\/h2o-avocats.com\/en\/team\/nicolas-herzog\/\" target=\"_self\">Nicolas Herzog<\/a><\/h3>\r\n\r\n    <span class=\"position\" >Founding Partner<\/span>\r\n\r\n\r\n  <\/div>\r\n<\/div>\r\n\r\n\r\n<\/div>\r\n\r\n\r\n<div class=\"carousel_recent_post team-member staff_post ajax_post \">\r\n    <div class=\"recent_port_ctn clearfix\">\r\n\r\n\r\n         <div class=\"member-photo s_effect\">\r\n\r\n    <div class=\"bw-wrapper\">       <a href=\"https:\/\/h2o-avocats.com\/en\/team\/isabelle-vedrines\/\" target=\"_self\"><img loading=\"lazy\" decoding=\"async\" width=\"586\" height=\"440\" src=\"https:\/\/h2o-avocats.com\/wp-content\/uploads\/2016\/10\/H2O-Team-4x5-Isabelle5-copie-586x440.jpg\" class=\"attachment-586x440 size-586x440 wp-post-image\" alt=\"H2O Avocats Team Isabelle Vedrines\" title=\"\" \/>  <\/a> \r\n\r\n    <\/div>\r\n\r\n  <\/div>\r\n\r\n  <div class=\"member-info\">\r\n\r\n    <h3><a href=\"https:\/\/h2o-avocats.com\/en\/team\/isabelle-vedrines\/\" target=\"_self\">Isabelle Vedrines<\/a><\/h3>\r\n\r\n    <span class=\"position\" >Partner<\/span>\r\n\r\n\r\n  <\/div>\r\n<\/div>\r\n\r\n\r\n<\/div>\r\n\r\n\r\n<div class=\"carousel_recent_post team-member staff_post ajax_post \">\r\n    <div class=\"recent_port_ctn clearfix\">\r\n\r\n\r\n         <div class=\"member-photo s_effect\">\r\n\r\n    <div class=\"bw-wrapper\">       <a href=\"https:\/\/h2o-avocats.com\/en\/team\/audrey-maitre\/\" target=\"_self\"><img loading=\"lazy\" decoding=\"async\" width=\"586\" height=\"440\" src=\"https:\/\/h2o-avocats.com\/wp-content\/uploads\/2019\/02\/DSCF6584_bw-min-1-3-586x440.jpg\" class=\"attachment-586x440 size-586x440 wp-post-image\" alt=\"\" title=\"\" \/>  <\/a> \r\n\r\n    <\/div>\r\n\r\n  <\/div>\r\n\r\n  <div class=\"member-info\">\r\n\r\n    <h3><a href=\"https:\/\/h2o-avocats.com\/en\/team\/audrey-maitre\/\" target=\"_self\">Audrey Maitre<\/a><\/h3>\r\n\r\n    <span class=\"position\" >Associate<\/span>\r\n\r\n\r\n  <\/div>\r\n<\/div>\r\n\r\n\r\n<\/div>\r\n\r\n\r\n<div class=\"carousel_recent_post team-member staff_post ajax_post \">\r\n    <div class=\"recent_port_ctn clearfix\">\r\n\r\n\r\n         <div class=\"member-photo s_effect\">\r\n\r\n    <div class=\"bw-wrapper\">       <a href=\"https:\/\/h2o-avocats.com\/en\/team\/alan-mar\/\" target=\"_self\"><img loading=\"lazy\" decoding=\"async\" width=\"586\" height=\"440\" src=\"https:\/\/h2o-avocats.com\/wp-content\/uploads\/2016\/09\/H2O-Alan-Mar-586x440.jpg\" class=\"attachment-586x440 size-586x440 wp-post-image\" alt=\"H2O Avocats Alan Mar\" title=\"\" \/>  <\/a> \r\n\r\n    <\/div>\r\n\r\n  <\/div>\r\n\r\n  <div class=\"member-info\">\r\n\r\n    <h3><a href=\"https:\/\/h2o-avocats.com\/en\/team\/alan-mar\/\" target=\"_self\">Alan Mar<\/a><\/h3>\r\n\r\n    <span class=\"position\" >Paralegal<\/span>\r\n\r\n\r\n  <\/div>\r\n<\/div>\r\n\r\n\r\n<\/div>\r\n\r\n\r\n\r\n\r\n\r\n<\/div>\r\n[\/vc_column][\/vc_row][vc_row type=&#8221;full-width-section&#8221; equal_height=&#8221;yes&#8221; css=&#8221;.vc_custom_1478873961239{margin-top: -10px !important;padding-top: 40px !important;padding-bottom: 40px !important;background-color: #cccabf !important;background-position: center !important;background-repeat: no-repeat !important;background-size: cover !important;}&#8221;][vc_column][vc_column_text css_animation=&#8221;bottom-to-top&#8221; css=&#8221;.vc_custom_1478874210545{margin-top: 32px !important;margin-bottom: 23px !important;}&#8221;]<\/p>\n<h2 style=\"text-align: center;\">LATEST FROM OUR BLOG<\/h2>\n<p>[\/vc_column_text]<style type=\"text\/css\" >#rp_cjpf1vfzj825ng71rf2k .post-title h2 a{color:#363535;}#rp_cjpf1vfzj825ng71rf2k .rp_entry{color:#363535; border-color:#ffffff;}#rp_cjpf1vfzj825ng71rf2k .rp_post_info a{color:#ffffff;}#rp_cjpf1vfzj825ng71rf2k .rp_post_time{background:#363535; color:#fff;}#rp_cjpf1vfzj825ng71rf2k .post-title h2 a:hover,#rp_cjpf1vfzj825ng71rf2k .rp_post_info a:hover{color:#6b2113;}#rp_cjpf1vfzj825ng71rf2k .blog_load_more_cont {bottom:-70px;}<\/style><script>\r\n\r\n\r\n\r\njQuery.noConflict();\r\njQuery(document).ready(function($){\r\n\"use strict\";\r\n\r\n\r\n $(window).load(function(){\r\n\r\nfunction watchblog() {\r\n\r\n$(\".masonry_ctn\").isotope({\r\n  \/\/ options\r\n  itemSelector : '.ajax_post',\r\n  layoutMode : 'masonry'\r\n});\r\n\r\n}\r\n\r\nsetInterval(watchblog, 100);\r\n\r\n});});\r\n\r\n\r\n<\/script>\r\n\r\n\r\n\r\n<div class=\"masonry_ctn blog_2_col\" id=\"rp_cjpf1vfzj825ng71rf2k\">\r\n\r\n<div class=\"rp_type02 ajax_post blog_2_col \"><a href=\"https:\/\/h2o-avocats.com\/en\/actualites-novembre-2020\/\" title=\"\/ Actualit\u00e9s #novembre 2020 \/\/\">\r\n  <div class='post-attachement'> \r\n  <div class=\"rp_post_time\">\r\n    17 Dec  <\/div>\r\n  <\/a><\/div>\r\n  \r\n  <div class=\"post_ctn\"> \r\n    <!-- .title -->\r\n    <div class=\"post-title\">\r\n      <h2><a href=\"https:\/\/h2o-avocats.com\/en\/actualites-novembre-2020\/\" title=\"\/ Actualit\u00e9s #novembre 2020 \/\/\">\r\n        \/ Actualit\u00e9s #novembre 2020 \/\/        <\/a>\r\n      <\/h2>\r\n    <\/div>\r\n    <!-- .title END--> \r\n    \r\n    <!-- .entry --> \r\n    <div class=\"rp_entry\">\r\n\t<p>Newsletter H2O # Novembre 2020<\/p>\n<p><\/p>    <\/div>\r\n    <!-- .entry END --> \r\n    \r\n    <!-- post-info -->\r\n    <div class=\"rp_post_info\"><a href=\"https:\/\/h2o-avocats.com\/en\/actualites-novembre-2020\/#respond\" class=\"comments-link\" >0 comment<\/a>  \/  <a href=\"https:\/\/h2o-avocats.com\/en\/category\/uncategorized\/\" rel=\"category tag\">Uncategorized<\/a>  \/  <a href=\"https:\/\/h2o-avocats.com\/en\/actualites-novembre-2020\/\" title=\"\/ Actualit\u00e9s #novembre 2020 \/\/\">Read More<\/a><\/div>\r\n\r\n    <!-- post-info END--> \r\n  <\/div>\r\n  <!-- post-content END--> \r\n\r\n<!-- post END -->\r\n\r\n<\/div>\r\n<div class=\"rp_type02 ajax_post blog_2_col \"><a href=\"https:\/\/h2o-avocats.com\/en\/indemnisation-plagiat-dun-site-concurrent\/\" title=\"Indemnisation du plagiat d\u2019un site par son concurrent\">\r\n  <div class='post-attachement'> \r\n  <div class=\"rp_post_time\">\r\n    23 Apr  <\/div>\r\n  <\/a><\/div>\r\n  \r\n  <div class=\"post_ctn\"> \r\n    <!-- .title -->\r\n    <div class=\"post-title\">\r\n      <h2><a href=\"https:\/\/h2o-avocats.com\/en\/indemnisation-plagiat-dun-site-concurrent\/\" title=\"Indemnisation du plagiat d\u2019un site par son concurrent\">\r\n        Indemnisation du plagiat d\u2019un site par son concurrent        <\/a>\r\n      <\/h2>\r\n    <\/div>\r\n    <!-- .title END--> \r\n    \r\n    <!-- .entry --> \r\n    <div class=\"rp_entry\">\r\n\t<p>Par une analyse tr\u00e8s fine des demandes d\u2019indemnisation d\u2019un site qui a \u00e9t\u00e9 copi\u00e9 de fa\u00e7on quasi servile par<\/p>\n<p><\/p>    <\/div>\r\n    <!-- .entry END --> \r\n    \r\n    <!-- post-info -->\r\n    <div class=\"rp_post_info\"><a href=\"https:\/\/h2o-avocats.com\/en\/indemnisation-plagiat-dun-site-concurrent\/#respond\" class=\"comments-link\" >0 comment<\/a>  \/  <a href=\"https:\/\/h2o-avocats.com\/en\/category\/uncategorized\/\" rel=\"category tag\">Uncategorized<\/a>  \/  <a href=\"https:\/\/h2o-avocats.com\/en\/indemnisation-plagiat-dun-site-concurrent\/\" title=\"Indemnisation du plagiat d\u2019un site par son concurrent\">Read More<\/a><\/div>\r\n\r\n    <!-- post-info END--> \r\n  <\/div>\r\n  <!-- post-content END--> \r\n\r\n<!-- post END -->\r\n\r\n<\/div>\r\n<\/div>\r\n[\/vc_column][\/vc_row][vc_row css=&#8221;.vc_custom_1478874119192{margin-bottom: 50px !important;padding-top: 30px !important;padding-bottom: 40px !important;}&#8221;][vc_column width=&#8221;1\/3&#8243; css=&#8221;.vc_custom_1478177977316{margin-bottom: 10px !important;}&#8221;][vc_column_text css_animation=&#8221;bottom-to-top&#8221; css=&#8221;.vc_custom_1478873858299{margin-bottom: 15px !important;}&#8221;]<\/p>\n<h2 style=\"text-align: left;\">HEADQUARTERS<\/h2>\n<p>[\/vc_column_text][vc_gmaps link=&#8221;#E-8_JTNDaWZyYW1lJTIwc3JjJTNEJTIyaHR0cHMlM0ElMkYlMkZ3d3cuZ29vZ2xlLmNvbSUyRm1hcHMlMkZlbWJlZCUzRnBiJTNEJTIxMW0xOCUyMTFtMTIlMjExbTMlMjExZDI2MjUuMTQxMDk2MzUwMzQxMyUyMTJkMi4zMjU0NDYzMTU2NzQyNzY0JTIxM2Q0OC44NTU1MTk3NzkyODcyMSUyMTJtMyUyMTFmMCUyMTJmMCUyMTNmMCUyMTNtMiUyMTFpMTAyNCUyMTJpNzY4JTIxNGYxMy4xJTIxM20zJTIxMW0yJTIxMXMweDQ3ZTY3MWQ2MGFlZTEwZTElMjUzQTB4MzkwMDE2YTUyZmFkYTBhJTIxMnMyMjIlMkJCb3VsZXZhcmQlMkJTYWludC1HZXJtYWluJTI1MkMlMkI3NTAwNyUyQlBhcmlzJTI1MkMlMkJGcmFuY2UlMjE1ZTAlMjEzbTIlMjExc2VuJTIxMnN1ayUyMTR2MTU1NzcwMDQ0MzY3NSUyMTVtMiUyMTFzZW4lMjEyc3VrJTIyJTIwd2lkdGglM0QlMjI2MDAlMjIlMjBoZWlnaHQlM0QlMjIzMDAlMjIlMjBmcmFtZWJvcmRlciUzRCUyMjAlMjIlMjBzdHlsZSUzRCUyMmJvcmRlciUzQTAlMjIlMjBhbGxvd2Z1bGxzY3JlZW4lM0UlM0MlMkZpZnJhbWUlM0U=&#8221;][vc_column_text css=&#8221;.vc_custom_1478874143793{margin-top: 10px !important;margin-bottom: -10px !important;}&#8221;]<\/p>\n<h3>PARIS<\/h3>\n<p>[\/vc_column_text][vc_column_text css=&#8221;.vc_custom_1478874151421{margin-top: 20px !important;border-bottom-width: 10px !important;}&#8221;]222 Boulevard Saint Germain 75007[\/vc_column_text][\/vc_column][vc_column width=&#8221;1\/3&#8243;][vc_empty_space height=&#8221;55px&#8221;][vc_gmaps link=&#8221;#E-8_JTNDaWZyYW1lJTIwc3JjJTNEJTIyaHR0cHMlM0ElMkYlMkZ3d3cuZ29vZ2xlLmNvbSUyRm1hcHMlMkZlbWJlZCUzRnBiJTNEJTIxMW0xOCUyMTFtMTIlMjExbTMlMjExZDI1MTkuNzE5MDE4ODU2MTcwNCUyMTJkNC40MDQyODUwMTU3NDA3NTglMjEzZDUwLjgzNjM2ODI3OTUzMDQxJTIxMm0zJTIxMWYwJTIxMmYwJTIxM2YwJTIxM20yJTIxMWkxMDI0JTIxMmk3NjglMjE0ZjEzLjElMjEzbTMlMjExbTIlMjExczB4NDdjM2M0YWQ0YzIxOTFmYiUyNTNBMHgxYWRkZThjYmEyMDMxYTE3JTIxMnNCb3VsZXZhcmQlMkJTYWludC1NaWNoZWwlMkIxMSUyNTJDJTJCMTA0MCUyQkV0dGVyYmVlayUyNTJDJTJCQmVsZ2l1bSUyMTVlMCUyMTNtMiUyMTFzZW4lMjEyc3VrJTIxNHYxNTU3NzAwNTU1ODYwJTIxNW0yJTIxMXNlbiUyMTJzdWslMjIlMjB3aWR0aCUzRCUyMjYwMCUyMiUyMGhlaWdodCUzRCUyMjMwMCUyMiUyMGZyYW1lYm9yZGVyJTNEJTIyMCUyMiUyMHN0eWxlJTNEJTIyYm9yZGVyJTNBMCUyMiUyMGFsbG93ZnVsbHNjcmVlbiUzRSUzQyUyRmlmcmFtZSUzRQ==&#8221;][vc_column_text css=&#8221;.vc_custom_1478874158578{margin-top: 10px !important;margin-bottom: -10px !important;}&#8221;]<\/p>\n<h3>BRUSSELS<\/h3>\n<p>[\/vc_column_text][vc_column_text css=&#8221;.vc_custom_1478874165524{margin-top: 20px !important;border-bottom-width: 10px !important;}&#8221;]11 Boulevard Saint Michel 1040[\/vc_column_text][\/vc_column][vc_column width=&#8221;1\/3&#8243;][vc_column_text css_animation=&#8221;bottom-to-top&#8221; css=&#8221;.vc_custom_1478874201429{margin-top: 10px !important;}&#8221;]<\/p>\n<h2>SUBSCRIBE<\/h2>\n<p>[\/vc_column_text][vc_column_text]<div class=\"widget_wysija_cont shortcode_wysija\"><div id=\"msg-form-wysija-shortcode69de32539d876-3\" class=\"wysija-msg ajax\"><\/div><form id=\"form-wysija-shortcode69de32539d876-3\" method=\"post\" action=\"#wysija\" class=\"widget_wysija shortcode_wysija\">\n<p class=\"wysija-paragraph\">\n    <label>Email <span class=\"wysija-required\">*<\/span><\/label>\n    \n    \t<input type=\"text\" name=\"wysija[user][email]\" class=\"wysija-input validate[required,custom[email]]\" title=\"Email\"  value=\"\" \/>\n    \n    \n    \n    <span class=\"abs-req\">\n        <input type=\"text\" name=\"wysija[user][abs][email]\" class=\"wysija-input validated[abs][email]\" value=\"\" \/>\n    <\/span>\n    \n<\/p>\n\r\n<input class=\"wysija-submit wysija-submit-field\" type=\"submit\" value=\"Submit\" \/>\n\n    <input type=\"hidden\" name=\"form_id\" value=\"3\" \/>\n    <input type=\"hidden\" name=\"action\" value=\"save\" \/>\n    <input type=\"hidden\" name=\"controller\" value=\"subscribers\" \/>\n    <input type=\"hidden\" value=\"1\" name=\"wysija-page\" \/>\n\n    \n        <input type=\"hidden\" name=\"wysija[user_list][list_ids]\" value=\"1\" \/>\n    \n <\/form><\/div>[\/vc_column_text][\/vc_column][\/vc_row]<\/p>\n","protected":false},"excerpt":{"rendered":"<p>Par une analyse tr\u00e8s fine des demandes d\u2019indemnisation d\u2019un site qui a \u00e9t\u00e9 copi\u00e9 de fa\u00e7on quasi servile par<\/p>\n","protected":false},"author":1,"featured_media":0,"parent":0,"menu_order":0,"comment_status":"closed","ping_status":"closed","template":"","meta":{"footnotes":""},"_links":{"self":[{"href":"https:\/\/h2o-avocats.com\/en\/wp-json\/wp\/v2\/pages\/139"}],"collection":[{"href":"https:\/\/h2o-avocats.com\/en\/wp-json\/wp\/v2\/pages"}],"about":[{"href":"https:\/\/h2o-avocats.com\/en\/wp-json\/wp\/v2\/types\/page"}],"author":[{"embeddable":true,"href":"https:\/\/h2o-avocats.com\/en\/wp-json\/wp\/v2\/users\/1"}],"replies":[{"embeddable":true,"href":"https:\/\/h2o-avocats.com\/en\/wp-json\/wp\/v2\/comments?post=139"}],"version-history":[{"count":71,"href":"https:\/\/h2o-avocats.com\/en\/wp-json\/wp\/v2\/pages\/139\/revisions"}],"predecessor-version":[{"id":3649,"href":"https:\/\/h2o-avocats.com\/en\/wp-json\/wp\/v2\/pages\/139\/revisions\/3649"}],"wp:attachment":[{"href":"https:\/\/h2o-avocats.com\/en\/wp-json\/wp\/v2\/media?parent=139"}],"curies":[{"name":"wp","href":"https:\/\/api.w.org\/{rel}","templated":true}]}}